{"id":113,"date":"2022-08-16T19:21:54","date_gmt":"2022-08-16T19:21:54","guid":{"rendered":"https:\/\/photonyaa.com\/?page_id=113"},"modified":"2024-03-20T13:05:26","modified_gmt":"2024-03-20T13:05:26","slug":"o-mnie","status":"publish","type":"page","link":"https:\/\/photonyaa.com\/?page_id=113","title":{"rendered":"O mnie"},"content":{"rendered":"\n<p>Cze\u015b\u0107, fajnie \u017ce jeste\u015b. Rozgo\u015b\u0107 si\u0119 bo mam Ci sporo do pokazania \ud83d\ude09 <\/p>\n\n\n\n<p>Jestem Justyna. Kocham \u017cycie, podr\u00f3\u017ce, ksi\u0105\u017cki i fajnych ludzi. <\/p>\n\n\n\n<p>Moja przygoda z blogosfer\u0105 zacz\u0119\u0142a si\u0119 prawie dekad\u0119 temu, kiedy przeprowadzi\u0142am si\u0119 do Anglii. Wtedy blog by\u0142 moim pami\u0119tnikiem, urywkami z \u017cycia nastolatki w nowym, nieznanym kraju. Dzi\u015b pisz\u0119 g\u0142\u00f3wnie o tym, co kocham najbardziej \u2013 niezwyk\u0142e noclegi, pyszne knajpy, wyj\u0105tkowe miejsca z klimatem.<\/p>\n\n\n\n<p>Na blogu dziel\u0119 si\u0119 tak\u017ce inspiracjami wn\u0119trzarskimi i kadrami z mojego domu.<\/p>\n","protected":false},"excerpt":{"rendered":"<p>Cze\u015b\u0107, fajnie \u017ce jeste\u015b. Rozgo\u015b\u0107 si\u0119 bo mam Ci sporo do pokazania \ud83d\ude09 Jestem Justyna. Kocham \u017cycie, podr\u00f3\u017ce, ksi\u0105\u017cki i fajnych ludzi. Moja przygoda z blogosfer\u0105 zacz\u0119\u0142a si\u0119 prawie dekad\u0119 temu, kiedy przeprowadzi\u0142am si\u0119 do Anglii. Wtedy blog by\u0142 moim pami\u0119tnikiem, urywkami z \u017cycia nastolatki w nowym, nieznanym kraju. Dzi\u015b pisz\u0119 g\u0142\u00f3wnie o tym, co kocham najbardziej \u2013 niezwyk\u0142e noclegi, pyszne knajpy, wyj\u0105tkowe miejsca z klimatem. Na blogu dziel\u0119 si\u0119 tak\u017ce inspiracjami wn\u0119trzarskimi i kadrami z mojego domu.<\/p>\n","protected":false},"author":1,"featured_media":1459,"parent":0,"menu_order":0,"comment_status":"closed","ping_status":"closed","template":"","meta":{"footnotes":""},"class_list":["post-113","page","type-page","status-publish","has-post-thumbnail","hentry"],"acf":[],"jetpack_sharing_enabled":true,"_links":{"self":[{"href":"https:\/\/photonyaa.com\/index.php?rest_route=\/wp\/v2\/pages\/113","targetHints":{"allow":["GET"]}}],"collection":[{"href":"https:\/\/photonyaa.com\/index.php?rest_route=\/wp\/v2\/pages"}],"about":[{"href":"https:\/\/photonyaa.com\/index.php?rest_route=\/wp\/v2\/types\/page"}],"author":[{"embeddable":true,"href":"https:\/\/photonyaa.com\/index.php?rest_route=\/wp\/v2\/users\/1"}],"replies":[{"embeddable":true,"href":"https:\/\/photonyaa.com\/index.php?rest_route=%2Fwp%2Fv2%2Fcomments&post=113"}],"version-history":[{"count":5,"href":"https:\/\/photonyaa.com\/index.php?rest_route=\/wp\/v2\/pages\/113\/revisions"}],"predecessor-version":[{"id":2638,"href":"https:\/\/photonyaa.com\/index.php?rest_route=\/wp\/v2\/pages\/113\/revisions\/2638"}],"wp:featuredmedia":[{"embeddable":true,"href":"https:\/\/photonyaa.com\/index.php?rest_route=\/wp\/v2\/media\/1459"}],"wp:attachment":[{"href":"https:\/\/photonyaa.com\/index.php?rest_route=%2Fwp%2Fv2%2Fmedia&parent=113"}],"curies":[{"name":"wp","href":"https:\/\/api.w.org\/{rel}","templated":true}]}}