{"id":117,"date":"2022-08-16T19:26:03","date_gmt":"2022-08-16T19:26:03","guid":{"rendered":"https:\/\/photonyaa.com\/?page_id=117"},"modified":"2024-03-20T13:59:42","modified_gmt":"2024-03-20T13:59:42","slug":"wspolpraca","status":"publish","type":"page","link":"https:\/\/photonyaa.com\/?page_id=117","title":{"rendered":"Wsp\u00f3\u0142praca"},"content":{"rendered":"\n<p>Do ka\u017cdej wsp\u00f3\u0142pracy podchodz\u0119 bardzo indywidualnie, a dzi\u0119ki \u015bwiadomej selekcji po\u015bwi\u0119cam ca\u0142\u0105 swoj\u0105 uwag\u0119 na jednym projekcie, zawsze stawiaj\u0105c na jako\u015b\u0107, nie ilo\u015b\u0107.&nbsp;<\/p>\n\n\n\n<p>Masz ciekawy pomys\u0142? A mo\u017ce nie do ko\u0144ca wiesz, czego oczekiwa\u0107 od naszej wsp\u00f3\u0142pracy? Bez obaw! Jestem pewna, \u017ce wsp\u00f3lnie uda nam si\u0119 stworzy\u0107 co\u015b kreatywnego.<\/p>\n\n\n\n<p>Przez lata budowa\u0142am relacje zar\u00f3wno z mikro startupami jak i \u015bwiatowymi markami. Z wieloma wsp\u00f3\u0142pracuj\u0119 od lat, przyczyniaj\u0105c si\u0119 do ich rozwoju, tworz\u0105c content i\u2026 zaprzyja\u017aniaj\u0105c si\u0119 \u2013 to ostatnie zawsze cieszy najbardziej!<\/p>\n\n\n\n<p>Uczestniczy\u0142am w kampaniach dla firm i hoteli tj:<\/p>\n\n\n<div class=\"wp-block-image\">\n<figure class=\"aligncenter size-large is-resized\"><img loading=\"lazy\" decoding=\"async\" width=\"1024\" height=\"576\" src=\"https:\/\/photonyaa.com\/wp-content\/uploads\/2024\/03\/Untitled-design-1-1024x576.png\" alt=\"\" class=\"wp-image-2642\" style=\"width:625px;height:auto\" srcset=\"https:\/\/photonyaa.com\/wp-content\/uploads\/2024\/03\/Untitled-design-1-1024x576.png 1024w, https:\/\/photonyaa.com\/wp-content\/uploads\/2024\/03\/Untitled-design-1-300x169.png 300w, https:\/\/photonyaa.com\/wp-content\/uploads\/2024\/03\/Untitled-design-1-768x432.png 768w, https:\/\/photonyaa.com\/wp-content\/uploads\/2024\/03\/Untitled-design-1-1536x864.png 1536w, https:\/\/photonyaa.com\/wp-content\/uploads\/2024\/03\/Untitled-design-1-2048x1152.png 2048w, https:\/\/photonyaa.com\/wp-content\/uploads\/2024\/03\/Untitled-design-1-1140x641.png 1140w, https:\/\/photonyaa.com\/wp-content\/uploads\/2024\/03\/Untitled-design-1-1920x1080.png 1920w, https:\/\/photonyaa.com\/wp-content\/uploads\/2024\/03\/Untitled-design-1-600x338.png 600w, https:\/\/photonyaa.com\/wp-content\/uploads\/2024\/03\/Untitled-design-1-280x158.png 280w\" sizes=\"auto, (max-width: 1024px) 100vw, 1024px\" \/><\/figure>\n<\/div>","protected":false},"excerpt":{"rendered":"<p>Do ka\u017cdej wsp\u00f3\u0142pracy podchodz\u0119 bardzo indywidualnie, a dzi\u0119ki \u015bwiadomej selekcji po\u015bwi\u0119cam ca\u0142\u0105 swoj\u0105 uwag\u0119 na jednym projekcie, zawsze stawiaj\u0105c na jako\u015b\u0107, nie ilo\u015b\u0107.&nbsp; Masz ciekawy pomys\u0142? A mo\u017ce nie do ko\u0144ca wiesz, czego oczekiwa\u0107 od naszej wsp\u00f3\u0142pracy? Bez obaw! Jestem pewna, \u017ce wsp\u00f3lnie uda nam si\u0119 stworzy\u0107 co\u015b kreatywnego. Przez lata budowa\u0142am relacje zar\u00f3wno z mikro startupami jak i \u015bwiatowymi markami. Z wieloma wsp\u00f3\u0142pracuj\u0119 od lat, przyczyniaj\u0105c si\u0119 do ich rozwoju, tworz\u0105c content i\u2026 zaprzyja\u017aniaj\u0105c si\u0119 \u2013 to ostatnie zawsze cieszy najbardziej! Uczestniczy\u0142am w kampaniach dla firm i hoteli tj:<\/p>\n","protected":false},"author":1,"featured_media":1465,"parent":0,"menu_order":0,"comment_status":"closed","ping_status":"closed","template":"","meta":{"footnotes":""},"class_list":["post-117","page","type-page","status-publish","has-post-thumbnail","hentry"],"acf":[],"jetpack_sharing_enabled":true,"_links":{"self":[{"href":"https:\/\/photonyaa.com\/index.php?rest_route=\/wp\/v2\/pages\/117","targetHints":{"allow":["GET"]}}],"collection":[{"href":"https:\/\/photonyaa.com\/index.php?rest_route=\/wp\/v2\/pages"}],"about":[{"href":"https:\/\/photonyaa.com\/index.php?rest_route=\/wp\/v2\/types\/page"}],"author":[{"embeddable":true,"href":"https:\/\/photonyaa.com\/index.php?rest_route=\/wp\/v2\/users\/1"}],"replies":[{"embeddable":true,"href":"https:\/\/photonyaa.com\/index.php?rest_route=%2Fwp%2Fv2%2Fcomments&post=117"}],"version-history":[{"count":4,"href":"https:\/\/photonyaa.com\/index.php?rest_route=\/wp\/v2\/pages\/117\/revisions"}],"predecessor-version":[{"id":2646,"href":"https:\/\/photonyaa.com\/index.php?rest_route=\/wp\/v2\/pages\/117\/revisions\/2646"}],"wp:featuredmedia":[{"embeddable":true,"href":"https:\/\/photonyaa.com\/index.php?rest_route=\/wp\/v2\/media\/1465"}],"wp:attachment":[{"href":"https:\/\/photonyaa.com\/index.php?rest_route=%2Fwp%2Fv2%2Fmedia&parent=117"}],"curies":[{"name":"wp","href":"https:\/\/api.w.org\/{rel}","templated":true}]}}